{"id":104,"date":"2019-03-28T14:11:03","date_gmt":"2019-03-28T14:11:03","guid":{"rendered":"http:\/\/localhost:8888\/shop\/?page_id=104"},"modified":"2020-11-03T13:58:10","modified_gmt":"2020-11-03T13:58:10","slug":"charte-de-respect-de-la-vie-privee","status":"publish","type":"page","link":"https:\/\/clycky.com\/en\/charte-de-respect-de-la-vie-privee\/","title":{"rendered":"Charte de respect de la vie prive\u0301e"},"content":{"rendered":"<p><span style=\"font-weight: 400;\">Si vous choisissez de vous inscrire aupr\u00e8s de Click2YourShop, vous serez en mesure d\u2019ajouter des \u00e9l\u00e9ments \u00e0 notre Site\/Application. Par exemple, vous pourrez y publier vos propres exp\u00e9riences. En outre, vous pourrez profiter de la facult\u00e9 qui vous sera offerte de personnaliser votre exp\u00e9rience du Site\/Application Click2YourShop. Vous b\u00e9n\u00e9ficierez de plus en plus d\u2019avantages li\u00e9s \u00e0 votre inscription au fur et \u00e0 mesure que nous apprendrons \u00e0 vous conna\u00eetre et que nous introduirons des nouvelles options. Nous vous encourageons \u00e0 vous inscrire pour pouvoir d\u00e9couvrir la totalit\u00e9 de ce que Click2YourShop peut vous offrir!<\/span><\/p>\n<p><span style=\"font-weight: 400;\">Si vous vous inscrivez aupr\u00e8s de Click2YourShop, nous recueillerons \u00e0 votre sujet des informations \u00e0 caract\u00e8re personnel en plus des informations non personnelles d\u00e9crites ci-dessus. Ces informations \u00e0 caract\u00e8re personnel pourront comprendre les informations que vous saisissez manuellement en remplissant nos formulaires, telles que votre nom, votre adresse \u00e9lectronique, votre num\u00e9ro de t\u00e9l\u00e9phone, votre nom d\u2019utilisateur et votre mot de passe ou les coordonn\u00e9es d\u2019autres personnes. Nous pouvons conserver l\u2019ensemble ou une partie de ces informations dans un fichier \u00ab cookie \u00bb plac\u00e9 sur votre disque dur, pour que notre syst\u00e8me puisse vous reconna\u00eetre chaque fois que vous consultez notre Site\/Application. De cette mani\u00e8re, nous pouvons sauvegarder vos pr\u00e9f\u00e9rences d\u2019une visite \u00e0 l\u2019autre et personnaliser votre navigation sans que vous n\u2019ayez \u00e0 vous enregistrer sur notre Site\/Application \u00e0 chaque fois que vous le consultez.<\/span><\/p>\n<p><span style=\"font-weight: 400;\">Par ailleurs, dans le cadre d&#8217;une am\u00e9lioration des services rendus \u00e0 la communaut\u00e9 Click2YourShop, nous pourrons utiliser les donn\u00e9es et appr\u00e9ciations que vous communiquez sur les lieux afin de proposer de nouveaux services \u00e0 la communaut\u00e9 Click2YourShop, comme partager ces donn\u00e9es avec des partenaires commerciaux afin de proumouvoir de nouveaux services et am\u00e9liorer l&#8217;exp\u00e9rience de nos utilisateurs.<\/span><\/p>\n<p><b>COOKIES ET ADRESSES IP<\/b><\/p>\n<p><span style=\"font-weight: 400;\">Les cookies implant\u00e9s par Click2YourShop permettent de stocker des informations relatives \u00e0 la navigation sur le Site\/Application (dates, pages, heures), ainsi qu&#8217;aux \u00e9ventuelles donn\u00e9es saisies par les internautes au cours de leur visite (recherches, login, email, mot de passe). Ces cookies sont conserv\u00e9s sur le poste informatique de l&#8217;internaute pour une dur\u00e9e variable allant jusqu&#8217;\u00e0 1 an et peuvent \u00eatre lus et utilis\u00e9s par Click2YourShop lors d&#8217;une visite ult\u00e9rieure de l&#8217;internaute. L&#8217;utilisateur dispose de la possibilit\u00e9 de bloquer, modifier la dur\u00e9e de conservation ou supprimer les cookies. En premier lieu, l\u2019internaute peut contr\u00f4ler les cookies via l&#8217;interface de son navigateur (g\u00e9n\u00e9ralement : outils ou options \/ vie priv\u00e9e ou confidentialit\u00e9 \/ cookies).<\/span><\/p>\n<p><span style=\"font-weight: 400;\">Click2YourShop devra communiquer toutes les donn\u00e9es personnelles relatives \u00e0 un utilisateur sur r\u00e9quisition judiciaire ou sur d\u00e9cision judiciaire. L&#8217;adresse IP pourra faire l&#8217;objet d&#8217;un rapprochement avec l&#8217;identit\u00e9 effective de l&#8217;internaute en cas de communication de cette information par un fournisseur d&#8217;acc\u00e8s \u00e0 internet.<\/span><\/p>\n<p><b>LES OPTIONS DE COMMUNICATION ENTRE MEMBRES<\/b><\/p>\n<p><span style=\"font-weight: 400;\">Lorsque vous vous inscrivez sur Click2YourShop, les options de communication entre membres sont automatiquement activ\u00e9es. Ces options, comme par exemple le partage de position et la messagerie priv\u00e9e, permettent aux membres de Click2YourShop, y compris vous-m\u00eame, de communiquer entre eux. Les membres de Click2YourShop peuvent d\u00e9sactiver les options de communication entre membres \u00e0 tout moment s\u2019ils le d\u00e9sirent \u00e0 partir de leur profil de membre.<\/span><\/p>\n<p><span style=\"font-weight: 400;\">En b\u00e9n\u00e9ficiant de ces options :<\/span><\/p>\n<ul>\n<li style=\"font-weight: 400;\"><span style=\"font-weight: 400;\">Vous \u00eates dispos\u00e9 \u00e0 accepter tout message envoy\u00e9 par d\u2019autres membres de Click2YourShop, que vous aurez accept\u00e9 \u00ab\u00a0en tant qu\u2019ami\u00a0\u00bb au pr\u00e9alable.<\/span><\/li>\n<li style=\"font-weight: 400;\"><span style=\"font-weight: 400;\">Vous avez d\u00e9j\u00e0 obtenu un consentement pr\u00e9alable aupr\u00e8s des contacts de votre carnet d\u2019adresses \u00e9lectroniques pour que nous puissions leur envoyer des messages en votre nom.<\/span><\/li>\n<\/ul>\n<p><span style=\"font-weight: 400;\">Nous avons con\u00e7u ces options afin d\u2019\u00e9viter toute divulgation d\u2019informations personnelles vous concernant \u00e0 d\u2019autres utilisateurs et afin de vous permettre de refuser de participer \u00e0 des activit\u00e9s si vous ne le souhaitez pas.<\/span><\/p>\n<p><b>MODIFICATIONS DE LA PRESENTE CHARTE DE LA VIE PRIVEE<\/b><\/p>\n<p><span style=\"font-weight: 400;\">Nous nous r\u00e9servons le droit de modifier cette charte si nous jugeons la mesure appropri\u00e9e. Si nous apportons des changements importants qui affecteront les informations personnelles d\u00e9j\u00e0 recueillies sur vous, nous nous efforcerons, dans les limites du raisonnable, de vous notifier de tels changements et de vous donner la possibilit\u00e9 de modifier ou d&#8217;annuler votre inscription.<\/span><\/p>\n<p><span style=\"font-weight: 400;\"><br \/>\n<\/span><span style=\"font-weight: 400;\"><br \/>\n<\/span><span style=\"font-weight: 400;\">\u00a9 2018 Click2YourShop. Tous droits r\u00e9serv\u00e9s.\u00a0<\/span><\/p>\n<p>&nbsp;<\/p>\n<p>&nbsp;<\/p>\n","protected":false},"excerpt":{"rendered":"<p>Si vous choisissez de vous inscrire aupr\u00e8s de Click2YourShop, vous serez en mesure d\u2019ajouter des \u00e9l\u00e9ments \u00e0 notre Site\/Application. Par exemple, vous pourrez y publier vos propres exp\u00e9riences. En outre, vous pourrez profiter de la facult\u00e9 qui vous sera offerte de personnaliser votre exp\u00e9rience du Site\/Application Click2YourShop. Vous b\u00e9n\u00e9ficierez de plus en plus d\u2019avantages li\u00e9s [&#8230;]<\/p>\n<p><a class=\"btn btn-secondary understrap-read-more-link\" href=\"https:\/\/clycky.com\/en\/charte-de-respect-de-la-vie-privee\/\">Read More&#8230;<\/a><\/p>\n","protected":false},"author":1,"featured_media":0,"parent":0,"menu_order":0,"comment_status":"closed","ping_status":"closed","template":"","meta":{"_locale":"en_US","_original_post":"104"},"yoast_head":"<!-- This site is optimized with the Yoast SEO plugin v15.9 - https:\/\/yoast.com\/wordpress\/plugins\/seo\/ -->\n<title>Charte de respect de la vie prive\u0301e - clycky<\/title>\n<meta name=\"robots\" content=\"index, follow, max-snippet:-1, max-image-preview:large, max-video-preview:-1\" \/>\n<link rel=\"canonical\" href=\"https:\/\/clycky.com\/en\/charte-de-respect-de-la-vie-privee\/\" \/>\n<meta property=\"og:locale\" content=\"en_US\" \/>\n<meta property=\"og:type\" content=\"article\" \/>\n<meta property=\"og:title\" content=\"Charte de respect de la vie prive\u0301e - clycky\" \/>\n<meta property=\"og:description\" content=\"Si vous choisissez de vous inscrire aupr\u00e8s de Click2YourShop, vous serez en mesure d\u2019ajouter des \u00e9l\u00e9ments \u00e0 notre Site\/Application. Par exemple, vous pourrez y publier vos propres exp\u00e9riences. En outre, vous pourrez profiter de la facult\u00e9 qui vous sera offerte de personnaliser votre exp\u00e9rience du Site\/Application Click2YourShop. Vous b\u00e9n\u00e9ficierez de plus en plus d\u2019avantages li\u00e9s [...]Read More...\" \/>\n<meta property=\"og:url\" content=\"https:\/\/clycky.com\/en\/charte-de-respect-de-la-vie-privee\/\" \/>\n<meta property=\"og:site_name\" content=\"clycky\" \/>\n<meta property=\"article:modified_time\" content=\"2020-11-03T13:58:10+00:00\" \/>\n<meta name=\"twitter:card\" content=\"summary_large_image\" \/>\n<meta name=\"twitter:label1\" content=\"Est. reading time\">\n\t<meta name=\"twitter:data1\" content=\"4 minutes\">\n<script type=\"application\/ld+json\" class=\"yoast-schema-graph\">{\"@context\":\"https:\/\/schema.org\",\"@graph\":[{\"@type\":\"WebSite\",\"@id\":\"https:\/\/clycky.com\/#website\",\"url\":\"https:\/\/clycky.com\/\",\"name\":\"clycky\",\"description\":\"Click &amp; collect, Click &amp; delivery, Click to order, menu QR code.\",\"potentialAction\":[{\"@type\":\"SearchAction\",\"target\":\"https:\/\/clycky.com\/?s={search_term_string}\",\"query-input\":\"required name=search_term_string\"}],\"inLanguage\":\"en-US\"},{\"@type\":\"WebPage\",\"@id\":\"https:\/\/clycky.com\/en\/charte-de-respect-de-la-vie-privee\/#webpage\",\"url\":\"https:\/\/clycky.com\/en\/charte-de-respect-de-la-vie-privee\/\",\"name\":\"Charte de respect de la vie prive\\u0301e - clycky\",\"isPartOf\":{\"@id\":\"https:\/\/clycky.com\/#website\"},\"datePublished\":\"2019-03-28T14:11:03+00:00\",\"dateModified\":\"2020-11-03T13:58:10+00:00\",\"breadcrumb\":{\"@id\":\"https:\/\/clycky.com\/en\/charte-de-respect-de-la-vie-privee\/#breadcrumb\"},\"inLanguage\":\"en-US\",\"potentialAction\":[{\"@type\":\"ReadAction\",\"target\":[\"https:\/\/clycky.com\/en\/charte-de-respect-de-la-vie-privee\/\"]}]},{\"@type\":\"BreadcrumbList\",\"@id\":\"https:\/\/clycky.com\/en\/charte-de-respect-de-la-vie-privee\/#breadcrumb\",\"itemListElement\":[{\"@type\":\"ListItem\",\"position\":1,\"item\":{\"@type\":\"WebPage\",\"@id\":\"https:\/\/clycky.com\/\",\"url\":\"https:\/\/clycky.com\/\",\"name\":\"Home\"}},{\"@type\":\"ListItem\",\"position\":2,\"item\":{\"@type\":\"WebPage\",\"@id\":\"https:\/\/clycky.com\/en\/charte-de-respect-de-la-vie-privee\/\",\"url\":\"https:\/\/clycky.com\/en\/charte-de-respect-de-la-vie-privee\/\",\"name\":\"Charte de respect de la vie prive\\u0301e\"}}]}]}<\/script>\n<!-- \/ Yoast SEO plugin. -->","_links":{"self":[{"href":"https:\/\/clycky.com\/wp-json\/wp\/v2\/pages\/104"}],"collection":[{"href":"https:\/\/clycky.com\/wp-json\/wp\/v2\/pages"}],"about":[{"href":"https:\/\/clycky.com\/wp-json\/wp\/v2\/types\/page"}],"author":[{"embeddable":true,"href":"https:\/\/clycky.com\/wp-json\/wp\/v2\/users\/1"}],"replies":[{"embeddable":true,"href":"https:\/\/clycky.com\/wp-json\/wp\/v2\/comments?post=104"}],"version-history":[{"count":2,"href":"https:\/\/clycky.com\/wp-json\/wp\/v2\/pages\/104\/revisions"}],"predecessor-version":[{"id":769,"href":"https:\/\/clycky.com\/wp-json\/wp\/v2\/pages\/104\/revisions\/769"}],"wp:attachment":[{"href":"https:\/\/clycky.com\/wp-json\/wp\/v2\/media?parent=104"}],"curies":[{"name":"wp","href":"https:\/\/api.w.org\/{rel}","templated":true}]}}