{"id":832,"date":"2021-01-08T08:21:27","date_gmt":"2021-01-08T08:21:27","guid":{"rendered":"https:\/\/clycky.com\/?page_id=832"},"modified":"2021-01-08T09:16:42","modified_gmt":"2021-01-08T09:16:42","slug":"clickcollect-et-gestion-du-e-commerce","status":"publish","type":"page","link":"https:\/\/clycky.com\/en\/clickcollect-et-gestion-du-e-commerce\/","title":{"rendered":"Professional"},"content":{"rendered":"","protected":false},"excerpt":{"rendered":"<p> [&#8230;]<\/p>\n<p><a class=\"btn btn-secondary understrap-read-more-link\" href=\"https:\/\/clycky.com\/en\/clickcollect-et-gestion-du-e-commerce\/\">Read More&#8230;<\/a><\/p>\n","protected":false},"author":1,"featured_media":0,"parent":0,"menu_order":0,"comment_status":"closed","ping_status":"closed","template":"page-templates\/empty.php","meta":{"_locale":"en_US","_original_post":"470"},"yoast_head":"<!-- This site is optimized with the Yoast SEO plugin v15.9 - https:\/\/yoast.com\/wordpress\/plugins\/seo\/ -->\n<title>Professional - clycky<\/title>\n<meta name=\"description\" content=\"Cr\u00e9ez et g\u00e9rez votre commerce en quelques clics : gestion des commandes, du personnel et des RDV ; cr\u00e9ation de campagnes cibl\u00e9es, gestion des avis clients.\" \/>\n<meta name=\"robots\" content=\"index, follow, max-snippet:-1, max-image-preview:large, max-video-preview:-1\" \/>\n<link rel=\"canonical\" href=\"https:\/\/clycky.com\/en\/clickcollect-et-gestion-du-e-commerce\/\" \/>\n<meta property=\"og:locale\" content=\"en_US\" \/>\n<meta property=\"og:type\" content=\"article\" \/>\n<meta property=\"og:title\" content=\"Professional - clycky\" \/>\n<meta property=\"og:description\" content=\"Cr\u00e9ez et g\u00e9rez votre commerce en quelques clics : gestion des commandes, du personnel et des RDV ; cr\u00e9ation de campagnes cibl\u00e9es, gestion des avis clients.\" \/>\n<meta property=\"og:url\" content=\"https:\/\/clycky.com\/en\/clickcollect-et-gestion-du-e-commerce\/\" \/>\n<meta property=\"og:site_name\" content=\"clycky\" \/>\n<meta property=\"article:modified_time\" content=\"2021-01-08T09:16:42+00:00\" \/>\n<meta name=\"twitter:card\" content=\"summary_large_image\" \/>\n<script type=\"application\/ld+json\" class=\"yoast-schema-graph\">{\"@context\":\"https:\/\/schema.org\",\"@graph\":[{\"@type\":\"WebSite\",\"@id\":\"https:\/\/clycky.com\/#website\",\"url\":\"https:\/\/clycky.com\/\",\"name\":\"clycky\",\"description\":\"Click &amp; collect, Click &amp; delivery, Click to order, menu QR code.\",\"potentialAction\":[{\"@type\":\"SearchAction\",\"target\":\"https:\/\/clycky.com\/?s={search_term_string}\",\"query-input\":\"required name=search_term_string\"}],\"inLanguage\":\"en-US\"},{\"@type\":\"WebPage\",\"@id\":\"https:\/\/clycky.com\/en\/clickcollect-et-gestion-du-e-commerce\/#webpage\",\"url\":\"https:\/\/clycky.com\/en\/clickcollect-et-gestion-du-e-commerce\/\",\"name\":\"Professional - clycky\",\"isPartOf\":{\"@id\":\"https:\/\/clycky.com\/#website\"},\"datePublished\":\"2021-01-08T08:21:27+00:00\",\"dateModified\":\"2021-01-08T09:16:42+00:00\",\"description\":\"Cr\\u00e9ez et g\\u00e9rez votre commerce en quelques clics : gestion des commandes, du personnel et des RDV ; cr\\u00e9ation de campagnes cibl\\u00e9es, gestion des avis clients.\",\"breadcrumb\":{\"@id\":\"https:\/\/clycky.com\/en\/clickcollect-et-gestion-du-e-commerce\/#breadcrumb\"},\"inLanguage\":\"en-US\",\"potentialAction\":[{\"@type\":\"ReadAction\",\"target\":[\"https:\/\/clycky.com\/en\/clickcollect-et-gestion-du-e-commerce\/\"]}]},{\"@type\":\"BreadcrumbList\",\"@id\":\"https:\/\/clycky.com\/en\/clickcollect-et-gestion-du-e-commerce\/#breadcrumb\",\"itemListElement\":[{\"@type\":\"ListItem\",\"position\":1,\"item\":{\"@type\":\"WebPage\",\"@id\":\"https:\/\/clycky.com\/\",\"url\":\"https:\/\/clycky.com\/\",\"name\":\"Home\"}},{\"@type\":\"ListItem\",\"position\":2,\"item\":{\"@type\":\"WebPage\",\"@id\":\"https:\/\/clycky.com\/en\/clickcollect-et-gestion-du-e-commerce\/\",\"url\":\"https:\/\/clycky.com\/en\/clickcollect-et-gestion-du-e-commerce\/\",\"name\":\"Professional\"}}]}]}<\/script>\n<!-- \/ Yoast SEO plugin. -->","_links":{"self":[{"href":"https:\/\/clycky.com\/wp-json\/wp\/v2\/pages\/832"}],"collection":[{"href":"https:\/\/clycky.com\/wp-json\/wp\/v2\/pages"}],"about":[{"href":"https:\/\/clycky.com\/wp-json\/wp\/v2\/types\/page"}],"author":[{"embeddable":true,"href":"https:\/\/clycky.com\/wp-json\/wp\/v2\/users\/1"}],"replies":[{"embeddable":true,"href":"https:\/\/clycky.com\/wp-json\/wp\/v2\/comments?post=832"}],"version-history":[{"count":1,"href":"https:\/\/clycky.com\/wp-json\/wp\/v2\/pages\/832\/revisions"}],"predecessor-version":[{"id":833,"href":"https:\/\/clycky.com\/wp-json\/wp\/v2\/pages\/832\/revisions\/833"}],"wp:attachment":[{"href":"https:\/\/clycky.com\/wp-json\/wp\/v2\/media?parent=832"}],"curies":[{"name":"wp","href":"https:\/\/api.w.org\/{rel}","templated":true}]}}