{"id":875,"date":"2021-02-24T15:46:28","date_gmt":"2021-02-24T15:46:28","guid":{"rendered":"http:\/\/siteweb.clycky.com\/?page_id=875"},"modified":"2021-02-25T09:12:26","modified_gmt":"2021-02-25T09:12:26","slug":"contact","status":"publish","type":"page","link":"https:\/\/clycky.com\/en\/contact\/","title":{"rendered":"Contact us"},"content":{"rendered":"<div role=\"form\" class=\"wpcf7\" id=\"wpcf7-f879-o1\" lang=\"en-US\" dir=\"ltr\">\n<div class=\"screen-reader-response\"><p role=\"status\" aria-live=\"polite\" aria-atomic=\"true\"><\/p> <ul><\/ul><\/div>\n<form action=\"\/en\/wp-json\/wp\/v2\/pages\/875#wpcf7-f879-o1\" method=\"post\" class=\"wpcf7-form init\" novalidate=\"novalidate\" data-status=\"init\">\n<div style=\"display: none;\">\n<input type=\"hidden\" name=\"_wpcf7\" value=\"879\" \/>\n<input type=\"hidden\" name=\"_wpcf7_version\" value=\"5.4.2\" \/>\n<input type=\"hidden\" name=\"_wpcf7_locale\" value=\"en_US\" \/>\n<input type=\"hidden\" name=\"_wpcf7_unit_tag\" value=\"wpcf7-f879-o1\" \/>\n<input type=\"hidden\" name=\"_wpcf7_container_post\" value=\"0\" \/>\n<input type=\"hidden\" name=\"_wpcf7_posted_data_hash\" value=\"\" \/>\n<\/div>\n<div style=\"max-width: 500px;\">\n<div class=\"form-group\">\n        <label class=\"control-label\" for=\"fname\">Your first name <sapn class=\"text-danger\">*<\/sapn><\/label><br \/>\n        <span class=\"wpcf7-form-control-wrap fname\"><input type=\"text\" name=\"fname\" value=\"\" size=\"40\" class=\"wpcf7-form-control wpcf7-text wpcf7-validates-as-required form-control\" aria-required=\"true\" aria-invalid=\"false\" \/><\/span>\n    <\/div>\n<div class=\"form-group\">\n        <label class=\"control-label\" for=\"lname\">Your last name <sapn class=\"text-danger\">*<\/sapn><\/label><br \/>\n        <span class=\"wpcf7-form-control-wrap lname\"><input type=\"text\" name=\"lname\" value=\"\" size=\"40\" class=\"wpcf7-form-control wpcf7-text wpcf7-validates-as-required form-control\" aria-required=\"true\" aria-invalid=\"false\" \/><\/span>\n    <\/div>\n<div class=\"form-group\">\n        <label class=\"control-label\" for=\"mail\">E-mail<sapn class=\"text-danger\">*<\/sapn><\/label><br \/>\n        <span class=\"wpcf7-form-control-wrap mail\"><input type=\"email\" name=\"mail\" value=\"\" size=\"40\" class=\"wpcf7-form-control wpcf7-text wpcf7-email wpcf7-validates-as-required wpcf7-validates-as-email form-control\" aria-required=\"true\" aria-invalid=\"false\" \/><\/span>\n    <\/div>\n<div class=\"form-group\">\n           <label class=\"control-label\" for=\"phone\">Phone number <sapn class=\"text-danger\">*<\/sapn><\/label><br \/>\n          <span class=\"wpcf7-form-control-wrap phone\"><input type=\"tel\" name=\"phone\" value=\"\" size=\"40\" class=\"wpcf7-form-control wpcf7-text wpcf7-tel wpcf7-validates-as-required wpcf7-validates-as-tel form-control\" aria-required=\"true\" aria-invalid=\"false\" \/><\/span>\n    <\/div>\n<div class=\"form-group\">\n        <label class=\"control-label\" for=\"company\">Company<\/label><br \/>\n        <span class=\"wpcf7-form-control-wrap company\"><input type=\"text\" name=\"company\" value=\"\" size=\"40\" class=\"wpcf7-form-control wpcf7-text form-control\" aria-invalid=\"false\" \/><\/span>\n    <\/div>\n<div  >  <label class=\"control-label\" for=\"radio-91\">Subject of your request <sapn class=\"text-danger\">*<\/sapn><\/label><\/div>\n<div class=\"form-group row mb-0\">\n<p>        <span class=\"wpcf7-form-control-wrap radio-91\"><span class=\"wpcf7-form-control wpcf7-radio d-blokc\" id=\"choix\"><span class=\"wpcf7-list-item first\"><label><input type=\"radio\" name=\"radio-91\" value=\"I am an individual\" checked=\"checked\" \/><span class=\"wpcf7-list-item-label\">I am an individual<\/span><\/label><\/span><span class=\"wpcf7-list-item\"><label><input type=\"radio\" name=\"radio-91\" value=\"I am a professional\" \/><span class=\"wpcf7-list-item-label\">I am a professional<\/span><\/label><\/span><span class=\"wpcf7-list-item last\"><label><input type=\"radio\" name=\"radio-91\" value=\"Others\" \/><span class=\"wpcf7-list-item-label\">Others<\/span><\/label><\/span><\/span><\/span>\n    <\/p><\/div>\n<div class=\"form-group\">\n        <label class=\"control-label\" for=\"message\">Message <sapn class=\"text-danger\">*<\/sapn><\/label><br \/>\n        <span class=\"wpcf7-form-control-wrap message\"><textarea name=\"message\" cols=\"40\" rows=\"10\" class=\"wpcf7-form-control wpcf7-textarea wpcf7-validates-as-required form-control\" aria-required=\"true\" aria-invalid=\"false\"><\/textarea><\/span>\n    <\/div>\n<div class=\"form-row\">\n        <input type=\"submit\" value=\"Send\" class=\"wpcf7-form-control wpcf7-submit btn-default\" \/>\n    <\/div>\n<\/div>\n<div class=\"wpcf7-response-output\" aria-hidden=\"true\"><\/div><\/form><\/div>\n","protected":false},"excerpt":{"rendered":"<p> [&#8230;]<\/p>\n<p><a class=\"btn btn-secondary understrap-read-more-link\" href=\"https:\/\/clycky.com\/en\/contact\/\">Read More&#8230;<\/a><\/p>\n","protected":false},"author":1,"featured_media":0,"parent":0,"menu_order":0,"comment_status":"closed","ping_status":"closed","template":"","meta":{"_locale":"en_US","_original_post":"https:\/\/click2yourshop.com\/?page_id=571"},"yoast_head":"<!-- This site is optimized with the Yoast SEO plugin v15.9 - https:\/\/yoast.com\/wordpress\/plugins\/seo\/ -->\n<title>Contact us - clycky<\/title>\n<meta name=\"description\" content=\"Particuliers ou professionnels, n&#039;h\u00e9sitez pas \u00e0 nous contacter pour toute demande de partenariat ou question, nos \u00e9quipes sont \u00e0 votre disposition.\" \/>\n<meta name=\"robots\" content=\"index, follow, max-snippet:-1, max-image-preview:large, max-video-preview:-1\" \/>\n<link rel=\"canonical\" href=\"https:\/\/clycky.com\/en\/contact\/\" \/>\n<meta property=\"og:locale\" content=\"en_US\" \/>\n<meta property=\"og:type\" content=\"article\" \/>\n<meta property=\"og:title\" content=\"Contact us - clycky\" \/>\n<meta property=\"og:description\" content=\"Particuliers ou professionnels, n&#039;h\u00e9sitez pas \u00e0 nous contacter pour toute demande de partenariat ou question, nos \u00e9quipes sont \u00e0 votre disposition.\" \/>\n<meta property=\"og:url\" content=\"https:\/\/clycky.com\/en\/contact\/\" \/>\n<meta property=\"og:site_name\" content=\"clycky\" \/>\n<meta property=\"article:modified_time\" content=\"2021-02-25T09:12:26+00:00\" \/>\n<meta name=\"twitter:card\" content=\"summary_large_image\" \/>\n<script type=\"application\/ld+json\" class=\"yoast-schema-graph\">{\"@context\":\"https:\/\/schema.org\",\"@graph\":[{\"@type\":\"WebSite\",\"@id\":\"https:\/\/clycky.com\/#website\",\"url\":\"https:\/\/clycky.com\/\",\"name\":\"clycky\",\"description\":\"Click &amp; collect, Click &amp; delivery, Click to order, menu QR code.\",\"potentialAction\":[{\"@type\":\"SearchAction\",\"target\":\"https:\/\/clycky.com\/?s={search_term_string}\",\"query-input\":\"required name=search_term_string\"}],\"inLanguage\":\"en-US\"},{\"@type\":\"WebPage\",\"@id\":\"https:\/\/clycky.com\/en\/contact\/#webpage\",\"url\":\"https:\/\/clycky.com\/en\/contact\/\",\"name\":\"Contact us - clycky\",\"isPartOf\":{\"@id\":\"https:\/\/clycky.com\/#website\"},\"datePublished\":\"2021-02-24T15:46:28+00:00\",\"dateModified\":\"2021-02-25T09:12:26+00:00\",\"description\":\"Particuliers ou professionnels, n'h\\u00e9sitez pas \\u00e0 nous contacter pour toute demande de partenariat ou question, nos \\u00e9quipes sont \\u00e0 votre disposition.\",\"breadcrumb\":{\"@id\":\"https:\/\/clycky.com\/en\/contact\/#breadcrumb\"},\"inLanguage\":\"en-US\",\"potentialAction\":[{\"@type\":\"ReadAction\",\"target\":[\"https:\/\/clycky.com\/en\/contact\/\"]}]},{\"@type\":\"BreadcrumbList\",\"@id\":\"https:\/\/clycky.com\/en\/contact\/#breadcrumb\",\"itemListElement\":[{\"@type\":\"ListItem\",\"position\":1,\"item\":{\"@type\":\"WebPage\",\"@id\":\"https:\/\/clycky.com\/\",\"url\":\"https:\/\/clycky.com\/\",\"name\":\"Home\"}},{\"@type\":\"ListItem\",\"position\":2,\"item\":{\"@type\":\"WebPage\",\"@id\":\"https:\/\/clycky.com\/en\/contact\/\",\"url\":\"https:\/\/clycky.com\/en\/contact\/\",\"name\":\"Contact us\"}}]}]}<\/script>\n<!-- \/ Yoast SEO plugin. -->","_links":{"self":[{"href":"https:\/\/clycky.com\/wp-json\/wp\/v2\/pages\/875"}],"collection":[{"href":"https:\/\/clycky.com\/wp-json\/wp\/v2\/pages"}],"about":[{"href":"https:\/\/clycky.com\/wp-json\/wp\/v2\/types\/page"}],"author":[{"embeddable":true,"href":"https:\/\/clycky.com\/wp-json\/wp\/v2\/users\/1"}],"replies":[{"embeddable":true,"href":"https:\/\/clycky.com\/wp-json\/wp\/v2\/comments?post=875"}],"version-history":[{"count":2,"href":"https:\/\/clycky.com\/wp-json\/wp\/v2\/pages\/875\/revisions"}],"predecessor-version":[{"id":880,"href":"https:\/\/clycky.com\/wp-json\/wp\/v2\/pages\/875\/revisions\/880"}],"wp:attachment":[{"href":"https:\/\/clycky.com\/wp-json\/wp\/v2\/media?parent=875"}],"curies":[{"name":"wp","href":"https:\/\/api.w.org\/{rel}","templated":true}]}}